{"id":2436,"date":"2017-07-30T18:58:45","date_gmt":"2017-07-30T21:58:45","guid":{"rendered":"http:\/\/ecoequilibrium.com.br\/?page_id=2436"},"modified":"2017-07-30T18:58:45","modified_gmt":"2017-07-30T21:58:45","slug":"atuacao-projetos-de-engenharia-florestal","status":"publish","type":"page","link":"http:\/\/ecoequilibrium.com.br\/index.php\/atuacao-projetos-de-engenharia-florestal\/","title":{"rendered":"Atua\u00e7\u00e3o &#8211; Projetos de Engenharia Florestal"},"content":{"rendered":"<p><strong>PROJETOS DE ENGENHARIA FLORESTAL<\/strong><\/p>\n<ul>\n<li>Restaura\u00e7\u00e3o Ecol\u00f3gica de florestas nativas;<\/li>\n<li>Reflorestamentos de esp\u00e9cies ex\u00f3ticas;<\/li>\n<li>Invent\u00e1rio Florestal e Prognose de Produ\u00e7\u00e3o;<\/li>\n<li>Levantamentos Flor\u00edsticos;<\/li>\n<li>Projetos Florestais;<\/li>\n<li>Manejo Florestal e Silvicultura;<\/li>\n<li>Planejamento Operacional de Atividades;<\/li>\n<li>Implanta\u00e7\u00e3o e Manuten\u00e7\u00e3o de Viveiros de Mudas;<\/li>\n<li>Gest\u00e3o e Fiscaliza\u00e7\u00e3o de Supress\u00e3o Florestal;<\/li>\n<li>Licenciamento de Opera\u00e7\u00f5es Florestais;<\/li>\n<li>Prote\u00e7\u00e3o Florestal.<\/li>\n<\/ul>\n","protected":false},"excerpt":{"rendered":"<p>PROJETOS DE ENGENHARIA FLORESTAL Restaura\u00e7\u00e3o Ecol\u00f3gica de florestas nativas; Reflorestamentos de esp\u00e9cies ex\u00f3ticas; Invent\u00e1rio Florestal e Prognose de Produ\u00e7\u00e3o; Levantamentos Flor\u00edsticos; Projetos Florestais; Manejo Florestal e [&hellip;]<\/p>\n","protected":false},"author":1,"featured_media":0,"parent":0,"menu_order":0,"comment_status":"closed","ping_status":"closed","template":"","meta":[],"_links":{"self":[{"href":"http:\/\/ecoequilibrium.com.br\/index.php\/wp-json\/wp\/v2\/pages\/2436"}],"collection":[{"href":"http:\/\/ecoequilibrium.com.br\/index.php\/wp-json\/wp\/v2\/pages"}],"about":[{"href":"http:\/\/ecoequilibrium.com.br\/index.php\/wp-json\/wp\/v2\/types\/page"}],"author":[{"embeddable":true,"href":"http:\/\/ecoequilibrium.com.br\/index.php\/wp-json\/wp\/v2\/users\/1"}],"replies":[{"embeddable":true,"href":"http:\/\/ecoequilibrium.com.br\/index.php\/wp-json\/wp\/v2\/comments?post=2436"}],"version-history":[{"count":1,"href":"http:\/\/ecoequilibrium.com.br\/index.php\/wp-json\/wp\/v2\/pages\/2436\/revisions"}],"predecessor-version":[{"id":2437,"href":"http:\/\/ecoequilibrium.com.br\/index.php\/wp-json\/wp\/v2\/pages\/2436\/revisions\/2437"}],"wp:attachment":[{"href":"http:\/\/ecoequilibrium.com.br\/index.php\/wp-json\/wp\/v2\/media?parent=2436"}],"curies":[{"name":"wp","href":"https:\/\/api.w.org\/{rel}","templated":true}]}}