{"id":2442,"date":"2017-07-30T19:04:07","date_gmt":"2017-07-30T22:04:07","guid":{"rendered":"http:\/\/ecoequilibrium.com.br\/?page_id=2442"},"modified":"2017-07-30T19:04:07","modified_gmt":"2017-07-30T22:04:07","slug":"atuacao-consultoria-ambiental","status":"publish","type":"page","link":"http:\/\/ecoequilibrium.com.br\/index.php\/atuacao-consultoria-ambiental\/","title":{"rendered":"Atua\u00e7\u00e3o &#8211; Consultoria Ambiental"},"content":{"rendered":"<p><strong>CONSULTORIA AMBIENTAL<\/strong><\/p>\n<ul>\n<li>Consultoria Ambiental;<\/li>\n<li>Assessoria T\u00e9cnica;<\/li>\n<li>Laudos e Per\u00edcias T\u00e9cnicas Especializadas;<\/li>\n<li>Auditoria Ambiental;<\/li>\n<li>Avalia\u00e7\u00e3o Ambiental Estrat\u00e9gica;<\/li>\n<li>Sistemas de Gest\u00e3o Ambiental.<\/li>\n<\/ul>\n","protected":false},"excerpt":{"rendered":"<p>CONSULTORIA AMBIENTAL Consultoria Ambiental; Assessoria T\u00e9cnica; Laudos e Per\u00edcias T\u00e9cnicas Especializadas; Auditoria Ambiental; Avalia\u00e7\u00e3o Ambiental Estrat\u00e9gica; Sistemas de Gest\u00e3o Ambiental.<\/p>\n","protected":false},"author":1,"featured_media":0,"parent":0,"menu_order":0,"comment_status":"closed","ping_status":"closed","template":"","meta":[],"_links":{"self":[{"href":"http:\/\/ecoequilibrium.com.br\/index.php\/wp-json\/wp\/v2\/pages\/2442"}],"collection":[{"href":"http:\/\/ecoequilibrium.com.br\/index.php\/wp-json\/wp\/v2\/pages"}],"about":[{"href":"http:\/\/ecoequilibrium.com.br\/index.php\/wp-json\/wp\/v2\/types\/page"}],"author":[{"embeddable":true,"href":"http:\/\/ecoequilibrium.com.br\/index.php\/wp-json\/wp\/v2\/users\/1"}],"replies":[{"embeddable":true,"href":"http:\/\/ecoequilibrium.com.br\/index.php\/wp-json\/wp\/v2\/comments?post=2442"}],"version-history":[{"count":1,"href":"http:\/\/ecoequilibrium.com.br\/index.php\/wp-json\/wp\/v2\/pages\/2442\/revisions"}],"predecessor-version":[{"id":2443,"href":"http:\/\/ecoequilibrium.com.br\/index.php\/wp-json\/wp\/v2\/pages\/2442\/revisions\/2443"}],"wp:attachment":[{"href":"http:\/\/ecoequilibrium.com.br\/index.php\/wp-json\/wp\/v2\/media?parent=2442"}],"curies":[{"name":"wp","href":"https:\/\/api.w.org\/{rel}","templated":true}]}}