{"id":2444,"date":"2017-07-30T19:05:19","date_gmt":"2017-07-30T22:05:19","guid":{"rendered":"http:\/\/ecoequilibrium.com.br\/?page_id=2444"},"modified":"2017-07-30T19:05:19","modified_gmt":"2017-07-30T22:05:19","slug":"atuacao-estudos-ambientais","status":"publish","type":"page","link":"http:\/\/ecoequilibrium.com.br\/index.php\/atuacao-estudos-ambientais\/","title":{"rendered":"Atua\u00e7\u00e3o &#8211; Estudos Ambientais"},"content":{"rendered":"<p><strong>ESTUDOS AMBIENTAIS<\/strong><\/p>\n<ul>\n<li>PCA \/ PBA &#8211; Plano de Controle Ambiental \/ Plano B\u00e1sico Ambiental;<\/li>\n<li>EIA\/RIMA &#8211; Estudo de Impacto Ambiental e Relat\u00f3rio de Impacto Ambiental;<\/li>\n<li>RAS &#8211; Relat\u00f3rio Ambiental Simplificado;<\/li>\n<li>RAP &#8211; Relat\u00f3rio Ambiental Pr\u00e9vio;<\/li>\n<li>EIV &#8211; Estudos de Impacto de Vizinhan\u00e7a;<\/li>\n<li>PGRS &#8211; Plano de Gerenciamento de Res\u00edduos S\u00f3lidos;<\/li>\n<li>PGRCC \u2013 Plano de Gerenciamento de Res\u00edduos da Constru\u00e7\u00e3o Civil.<\/li>\n<\/ul>\n","protected":false},"excerpt":{"rendered":"<p>ESTUDOS AMBIENTAIS PCA \/ PBA &#8211; Plano de Controle Ambiental \/ Plano B\u00e1sico Ambiental; EIA\/RIMA &#8211; Estudo de Impacto Ambiental e Relat\u00f3rio de Impacto Ambiental; RAS [&hellip;]<\/p>\n","protected":false},"author":1,"featured_media":0,"parent":0,"menu_order":0,"comment_status":"closed","ping_status":"closed","template":"","meta":[],"_links":{"self":[{"href":"http:\/\/ecoequilibrium.com.br\/index.php\/wp-json\/wp\/v2\/pages\/2444"}],"collection":[{"href":"http:\/\/ecoequilibrium.com.br\/index.php\/wp-json\/wp\/v2\/pages"}],"about":[{"href":"http:\/\/ecoequilibrium.com.br\/index.php\/wp-json\/wp\/v2\/types\/page"}],"author":[{"embeddable":true,"href":"http:\/\/ecoequilibrium.com.br\/index.php\/wp-json\/wp\/v2\/users\/1"}],"replies":[{"embeddable":true,"href":"http:\/\/ecoequilibrium.com.br\/index.php\/wp-json\/wp\/v2\/comments?post=2444"}],"version-history":[{"count":1,"href":"http:\/\/ecoequilibrium.com.br\/index.php\/wp-json\/wp\/v2\/pages\/2444\/revisions"}],"predecessor-version":[{"id":2445,"href":"http:\/\/ecoequilibrium.com.br\/index.php\/wp-json\/wp\/v2\/pages\/2444\/revisions\/2445"}],"wp:attachment":[{"href":"http:\/\/ecoequilibrium.com.br\/index.php\/wp-json\/wp\/v2\/media?parent=2444"}],"curies":[{"name":"wp","href":"https:\/\/api.w.org\/{rel}","templated":true}]}}