{"id":2448,"date":"2017-07-30T19:06:50","date_gmt":"2017-07-30T22:06:50","guid":{"rendered":"http:\/\/ecoequilibrium.com.br\/?page_id=2448"},"modified":"2017-07-30T19:06:50","modified_gmt":"2017-07-30T22:06:50","slug":"atuacao-fundiario","status":"publish","type":"page","link":"http:\/\/ecoequilibrium.com.br\/index.php\/atuacao-fundiario\/","title":{"rendered":"Atua\u00e7\u00e3o &#8211; Fundi\u00e1rio"},"content":{"rendered":"<p><strong>FUNDI\u00c1RIO<\/strong><\/p>\n<ul>\n<li>Cadastro Ambiental Rural \u2013 CAR;<\/li>\n<li>Mapeamentos de Uso do Solo;<\/li>\n<li>Averba\u00e7\u00e3o de Reserva Legal;<\/li>\n<li>Trabalhos Cartogr\u00e1ficos, Topogr\u00e1ficos e de Georreferenciamento;<\/li>\n<li>Delimita\u00e7\u00e3o e Cercamentos de \u00e1reas de prote\u00e7\u00e3o ambiental.<\/li>\n<\/ul>\n","protected":false},"excerpt":{"rendered":"<p>FUNDI\u00c1RIO Cadastro Ambiental Rural \u2013 CAR; Mapeamentos de Uso do Solo; Averba\u00e7\u00e3o de Reserva Legal; Trabalhos Cartogr\u00e1ficos, Topogr\u00e1ficos e de Georreferenciamento; Delimita\u00e7\u00e3o e Cercamentos de \u00e1reas [&hellip;]<\/p>\n","protected":false},"author":1,"featured_media":0,"parent":0,"menu_order":0,"comment_status":"closed","ping_status":"closed","template":"","meta":[],"_links":{"self":[{"href":"http:\/\/ecoequilibrium.com.br\/index.php\/wp-json\/wp\/v2\/pages\/2448"}],"collection":[{"href":"http:\/\/ecoequilibrium.com.br\/index.php\/wp-json\/wp\/v2\/pages"}],"about":[{"href":"http:\/\/ecoequilibrium.com.br\/index.php\/wp-json\/wp\/v2\/types\/page"}],"author":[{"embeddable":true,"href":"http:\/\/ecoequilibrium.com.br\/index.php\/wp-json\/wp\/v2\/users\/1"}],"replies":[{"embeddable":true,"href":"http:\/\/ecoequilibrium.com.br\/index.php\/wp-json\/wp\/v2\/comments?post=2448"}],"version-history":[{"count":1,"href":"http:\/\/ecoequilibrium.com.br\/index.php\/wp-json\/wp\/v2\/pages\/2448\/revisions"}],"predecessor-version":[{"id":2449,"href":"http:\/\/ecoequilibrium.com.br\/index.php\/wp-json\/wp\/v2\/pages\/2448\/revisions\/2449"}],"wp:attachment":[{"href":"http:\/\/ecoequilibrium.com.br\/index.php\/wp-json\/wp\/v2\/media?parent=2448"}],"curies":[{"name":"wp","href":"https:\/\/api.w.org\/{rel}","templated":true}]}}