{"id":2450,"date":"2017-07-30T19:07:45","date_gmt":"2017-07-30T22:07:45","guid":{"rendered":"http:\/\/ecoequilibrium.com.br\/?page_id=2450"},"modified":"2017-07-30T19:07:45","modified_gmt":"2017-07-30T22:07:45","slug":"atuacao-projetos-socio-ambientais","status":"publish","type":"page","link":"http:\/\/ecoequilibrium.com.br\/index.php\/atuacao-projetos-socio-ambientais\/","title":{"rendered":"Atua\u00e7\u00e3o &#8211; Projetos S\u00f3cio-ambientais"},"content":{"rendered":"<p><strong>PROJETOS S\u00d3CIO-AMBIENTAIS<\/strong><\/p>\n<ul>\n<li>Projetos atrelados ao Servi\u00e7o Social;<\/li>\n<li>Projetos de Educa\u00e7\u00e3o Ambiental e Comunica\u00e7\u00e3o Socioambiental;<\/li>\n<li>Palestras e Cursos \u00e0 comunidades, institutos, ONG\u00b4s e empresas;<\/li>\n<li>Capacita\u00e7\u00e3o e Treinamentos na \u00e1rea de meio ambiente \u00e0s escolas, comunidades, ONG\u00b4s e empresas;<\/li>\n<\/ul>\n","protected":false},"excerpt":{"rendered":"<p>PROJETOS S\u00d3CIO-AMBIENTAIS Projetos atrelados ao Servi\u00e7o Social; Projetos de Educa\u00e7\u00e3o Ambiental e Comunica\u00e7\u00e3o Socioambiental; Palestras e Cursos \u00e0 comunidades, institutos, ONG\u00b4s e empresas; Capacita\u00e7\u00e3o e Treinamentos [&hellip;]<\/p>\n","protected":false},"author":1,"featured_media":0,"parent":0,"menu_order":0,"comment_status":"closed","ping_status":"closed","template":"","meta":[],"_links":{"self":[{"href":"http:\/\/ecoequilibrium.com.br\/index.php\/wp-json\/wp\/v2\/pages\/2450"}],"collection":[{"href":"http:\/\/ecoequilibrium.com.br\/index.php\/wp-json\/wp\/v2\/pages"}],"about":[{"href":"http:\/\/ecoequilibrium.com.br\/index.php\/wp-json\/wp\/v2\/types\/page"}],"author":[{"embeddable":true,"href":"http:\/\/ecoequilibrium.com.br\/index.php\/wp-json\/wp\/v2\/users\/1"}],"replies":[{"embeddable":true,"href":"http:\/\/ecoequilibrium.com.br\/index.php\/wp-json\/wp\/v2\/comments?post=2450"}],"version-history":[{"count":1,"href":"http:\/\/ecoequilibrium.com.br\/index.php\/wp-json\/wp\/v2\/pages\/2450\/revisions"}],"predecessor-version":[{"id":2451,"href":"http:\/\/ecoequilibrium.com.br\/index.php\/wp-json\/wp\/v2\/pages\/2450\/revisions\/2451"}],"wp:attachment":[{"href":"http:\/\/ecoequilibrium.com.br\/index.php\/wp-json\/wp\/v2\/media?parent=2450"}],"curies":[{"name":"wp","href":"https:\/\/api.w.org\/{rel}","templated":true}]}}