{"id":2474,"date":"2017-08-20T17:03:05","date_gmt":"2017-08-20T20:03:05","guid":{"rendered":"http:\/\/ecoequilibrium.com.br\/?page_id=2474"},"modified":"2017-08-20T17:03:05","modified_gmt":"2017-08-20T20:03:05","slug":"trabalheconosco-2","status":"publish","type":"page","link":"http:\/\/ecoequilibrium.com.br\/index.php\/trabalheconosco-2\/","title":{"rendered":"Trabalhe Conosco"},"content":{"rendered":"<p><strong>Trabalhe conosco, envie seu curr\u00edculo atrav\u00e9s do formul\u00e1rio abaixo:<\/strong><\/p>\n<div role=\"form\" class=\"wpcf7\" id=\"wpcf7-f2473-o1\" lang=\"pt-BR\" dir=\"ltr\">\n<div class=\"screen-reader-response\" role=\"alert\" aria-live=\"polite\"><\/div>\n<form action=\"\/index.php\/wp-json\/wp\/v2\/pages\/2474#wpcf7-f2473-o1\" method=\"post\" class=\"wpcf7-form init\" enctype=\"multipart\/form-data\" novalidate=\"novalidate\">\n<div style=\"display: none;\">\n<input type=\"hidden\" name=\"_wpcf7\" value=\"2473\" \/>\n<input type=\"hidden\" name=\"_wpcf7_version\" value=\"5.2.2\" \/>\n<input type=\"hidden\" name=\"_wpcf7_locale\" value=\"pt_BR\" \/>\n<input type=\"hidden\" name=\"_wpcf7_unit_tag\" value=\"wpcf7-f2473-o1\" \/>\n<input type=\"hidden\" name=\"_wpcf7_container_post\" value=\"0\" \/>\n<input type=\"hidden\" name=\"_wpcf7_posted_data_hash\" value=\"\" \/>\n<\/div>\n<p>Seu nome<br \/>\n    <span class=\"wpcf7-form-control-wrap your-name\"><input type=\"text\" name=\"your-name\" value=\"\" size=\"40\" class=\"wpcf7-form-control wpcf7-text wpcf7-validates-as-required\" aria-required=\"true\" aria-invalid=\"false\" \/><\/span> <\/p>\n<p>Seu e-mail<br \/>\n    <span class=\"wpcf7-form-control-wrap your-email\"><input type=\"email\" name=\"your-email\" value=\"\" size=\"40\" class=\"wpcf7-form-control wpcf7-text wpcf7-email wpcf7-validates-as-required wpcf7-validates-as-email\" aria-required=\"true\" aria-invalid=\"false\" \/><\/span> <\/p>\n<p><span class=\"wpcf7-form-control-wrap anexo2\"><input type=\"file\" name=\"anexo2\" size=\"40\" class=\"wpcf7-form-control wpcf7-file\" accept=\".gif,.png,.jpg,.jpeg,.pdf,.doc,.docx\" aria-invalid=\"false\" \/><\/span><\/p>\n<p>Descreva aqui um breve resumo sobre voc\u00ea<br \/>\n    <span class=\"wpcf7-form-control-wrap your-message\"><textarea name=\"your-message\" cols=\"40\" rows=\"10\" class=\"wpcf7-form-control wpcf7-textarea wpcf7-validates-as-required\" aria-required=\"true\" aria-invalid=\"false\"><\/textarea><\/span> <\/p>\n<p>[recaptcha]<\/p>\n<p><input type=\"submit\" value=\"Enviar\" class=\"wpcf7-form-control wpcf7-submit\" \/><\/p>\n<div class=\"wpcf7-response-output\" role=\"alert\" aria-hidden=\"true\"><\/div><\/form><\/div>\n","protected":false},"excerpt":{"rendered":"<p>Trabalhe conosco, envie seu curr\u00edculo atrav\u00e9s do formul\u00e1rio abaixo:<\/p>\n","protected":false},"author":1,"featured_media":0,"parent":0,"menu_order":0,"comment_status":"closed","ping_status":"closed","template":"","meta":[],"_links":{"self":[{"href":"http:\/\/ecoequilibrium.com.br\/index.php\/wp-json\/wp\/v2\/pages\/2474"}],"collection":[{"href":"http:\/\/ecoequilibrium.com.br\/index.php\/wp-json\/wp\/v2\/pages"}],"about":[{"href":"http:\/\/ecoequilibrium.com.br\/index.php\/wp-json\/wp\/v2\/types\/page"}],"author":[{"embeddable":true,"href":"http:\/\/ecoequilibrium.com.br\/index.php\/wp-json\/wp\/v2\/users\/1"}],"replies":[{"embeddable":true,"href":"http:\/\/ecoequilibrium.com.br\/index.php\/wp-json\/wp\/v2\/comments?post=2474"}],"version-history":[{"count":2,"href":"http:\/\/ecoequilibrium.com.br\/index.php\/wp-json\/wp\/v2\/pages\/2474\/revisions"}],"predecessor-version":[{"id":2480,"href":"http:\/\/ecoequilibrium.com.br\/index.php\/wp-json\/wp\/v2\/pages\/2474\/revisions\/2480"}],"wp:attachment":[{"href":"http:\/\/ecoequilibrium.com.br\/index.php\/wp-json\/wp\/v2\/media?parent=2474"}],"curies":[{"name":"wp","href":"https:\/\/api.w.org\/{rel}","templated":true}]}}